{"id":1432,"date":"2025-10-14T01:52:55","date_gmt":"2025-10-14T01:52:55","guid":{"rendered":"https:\/\/mediverse.casethemes.net\/?page_id=1432"},"modified":"2026-04-01T15:14:09","modified_gmt":"2026-04-01T15:14:09","slug":"faq","status":"publish","type":"page","link":"https:\/\/urgencehollerich.com\/en\/faq\/","title":{"rendered":"FAQs"},"content":{"rendered":"<div data-elementor-type=\"wp-page\" data-elementor-id=\"1432\" class=\"elementor elementor-1432\">\n\t\t\t\t<div class=\"elementor-element elementor-element-e843db1 pxl-row-scroll-fixed e-flex e-con-boxed pxl-column-none pxl-full-content-with-space-none e-con e-parent\" data-id=\"e843db1\" data-element_type=\"container\" data-e-type=\"container\">\t\t\t<div class=\"e-con-inner\">\r\n\t\t<div class=\"elementor-element elementor-element-3d46357 e-con-full pxl-column-sticky e-flex pxl-row-scroll-none pxl-full-content-with-space-none e-con e-child\" data-id=\"3d46357\" data-element_type=\"container\" data-e-type=\"container\" data-settings=\"{&quot;background_background&quot;:&quot;classic&quot;}\">\t\t<div class=\"elementor-element elementor-element-272cebc elementor-widget elementor-widget-pxl_heading\" data-id=\"272cebc\" data-element_type=\"widget\" data-e-type=\"widget\" data-widget_type=\"pxl_heading.default\">\n\t\t\t\t<div class=\"elementor-widget-container\">\n\t\t\t\t\t\n<div id=\"pxl-pxl_heading-272cebc-5383\" class=\"pxl-heading px-sub-title-default-style\">\n\t<div class=\"pxl-heading--inner\">\n\t\t\n\t\t<h3 class=\"pxl-item--title style-default  highlight-default\" data-wow-delay=\"ms\">\n\t\t\t\t\tVous avez une urgence dentaire ? Contactez-nous d\u00e8s aujourd&#8217;hui !\t\n\t\t\t\n\t\t<\/h3>\n\t\t\n\t<\/div>\n<\/div>\t\t\t\t<\/div>\n\t\t\t\t<\/div>\n\t\t\t\t<div class=\"elementor-element elementor-element-2178b4d elementor-widget elementor-widget-pxl_icon_box\" data-id=\"2178b4d\" data-element_type=\"widget\" data-e-type=\"widget\" data-widget_type=\"pxl_icon_box.default\">\n\t\t\t\t<div class=\"elementor-widget-container\">\n\t\t\t\t\t<div class=\"pxl-icon-box pxl-icon-box1 style-2 ani1\" >\r\n    <div class=\"pxl-item--inner\">\r\n        \r\n                            <div class=\"pxl-item--icon pxl-flex-center\">\r\n                                    <a href=\"mailto:mediverse@example.com\">\r\n                                        <svg xmlns=\"http:\/\/www.w3.org\/2000\/svg\" width=\"18\" height=\"13\" viewbox=\"0 0 18 13\" fill=\"none\"><path d=\"M16.3883 0.0477905H0.903033C0.73191 0.0477905 0.567796 0.115769 0.446793 0.236771C0.325791 0.357774 0.257813 0.521888 0.257812 0.693011V11.6618C0.257813 12.004 0.393769 12.3322 0.635774 12.5742C0.877779 12.8162 1.20601 12.9522 1.54825 12.9522H15.7431C16.0854 12.9522 16.4136 12.8162 16.6556 12.5742C16.8976 12.3322 17.0335 12.004 17.0335 11.6618V0.693011C17.0335 0.521888 16.9656 0.357774 16.8446 0.236771C16.7236 0.115769 16.5595 0.0477905 16.3883 0.0477905ZM8.64568 6.91536L2.56206 1.33823H14.7293L8.64568 6.91536ZM6.28337 6.5L1.54825 10.8399V2.16008L6.28337 6.5ZM7.23829 7.37508L8.20612 8.26629C8.32516 8.37556 8.48087 8.43619 8.64245 8.43619C8.80404 8.43619 8.95975 8.37556 9.07878 8.26629L10.0466 7.37508L14.7245 11.6618H2.56206L7.23829 7.37508ZM11.008 6.5L15.7431 2.15927V10.8407L11.008 6.5Z\" fill=\"white\"><\/path><\/svg>                                        <\/a>\r\n                            <\/div>\r\n                                <div class=\"pxl-item--meta\">\r\n            <h5 class=\"pxl-item--title el-empty\">\r\n                        Contact us                        <\/h5>\r\n            <div class=\"pxl-item--description el-empty\"><a href=\"mailto:contact@urgencehollerich.com\">contact@urgencehollerich.com<\/a><\/div>\r\n        <\/div>\r\n    <\/div>\r\n<\/div>\r\n\t\t\t\t<\/div>\n\t\t\t\t<\/div>\n\t\t\t\t<div class=\"elementor-element elementor-element-55fa5b3 elementor-widget elementor-widget-pxl_icon_box\" data-id=\"55fa5b3\" data-element_type=\"widget\" data-e-type=\"widget\" data-widget_type=\"pxl_icon_box.default\">\n\t\t\t\t<div class=\"elementor-widget-container\">\n\t\t\t\t\t<div class=\"pxl-icon-box pxl-icon-box1 style-2 ani1\" >\r\n    <div class=\"pxl-item--inner\">\r\n        \r\n                            <div class=\"pxl-item--icon pxl-flex-center\">\r\n                                    <a href=\"https:\/\/maps.app.goo.gl\/MBTZ6MGWsWHzvNqM8\">\r\n                                        <svg xmlns=\"http:\/\/www.w3.org\/2000\/svg\" width=\"13\" height=\"17\" viewbox=\"0 0 13 17\" fill=\"none\"><path d=\"M6.49632 3.91177C5.92916 3.91177 5.37473 4.07996 4.90314 4.39506C4.43156 4.71016 4.06401 5.15803 3.84696 5.68202C3.62992 6.20601 3.57313 6.7826 3.68378 7.33887C3.79443 7.89514 4.06754 8.40611 4.46859 8.80715C4.86964 9.2082 5.3806 9.48132 5.93687 9.59197C6.49314 9.70261 7.06973 9.64583 7.59373 9.42878C8.11772 9.21174 8.56558 8.84418 8.88069 8.3726C9.19579 7.90102 9.36397 7.34659 9.36397 6.77942C9.36397 6.01887 9.06184 5.28948 8.52406 4.75169C7.98627 4.2139 7.25687 3.91177 6.49632 3.91177ZM6.49632 8.50001C6.15602 8.50001 5.82337 8.3991 5.54042 8.21004C5.25747 8.02098 5.03693 7.75226 4.90671 7.43786C4.77648 7.12346 4.74241 6.77751 4.8088 6.44375C4.87519 6.10999 5.03906 5.80341 5.27968 5.56278C5.52031 5.32215 5.82689 5.15828 6.16065 5.09189C6.49441 5.0255 6.84037 5.05958 7.15476 5.1898C7.46916 5.32003 7.73788 5.54056 7.92694 5.82351C8.116 6.10646 8.21691 6.43912 8.21691 6.77942C8.21691 7.23575 8.03564 7.67339 7.71296 7.99606C7.39029 8.31873 6.95265 8.50001 6.49632 8.50001ZM6.49632 0.470596C4.8237 0.472494 3.22013 1.13778 2.03741 2.3205C0.854684 3.50323 0.189397 5.1068 0.1875 6.77942C0.1875 9.03052 1.22774 11.4164 3.19853 13.6797C4.08407 14.7024 5.08075 15.6233 6.17013 16.4255C6.26656 16.493 6.38145 16.5293 6.49919 16.5293C6.61693 16.5293 6.73182 16.493 6.82825 16.4255C7.91563 15.623 8.91037 14.7021 9.79412 13.6797C11.762 11.4164 12.8051 9.03052 12.8051 6.77942C12.8032 5.1068 12.138 3.50323 10.9552 2.3205C9.77252 1.13778 8.16895 0.472494 6.49632 0.470596ZM6.49632 15.239C5.31127 14.307 1.33456 10.8837 1.33456 6.77942C1.33456 5.41043 1.87839 4.09752 2.8464 3.1295C3.81442 2.16148 5.12734 1.61766 6.49632 1.61766C7.86531 1.61766 9.17822 2.16148 10.1462 3.1295C11.1143 4.09752 11.6581 5.41043 11.6581 6.77942C11.6581 10.8823 7.68138 14.307 6.49632 15.239Z\" fill=\"white\"><\/path><\/svg>                                        <\/a>\r\n                            <\/div>\r\n                                <div class=\"pxl-item--meta\">\r\n            <h5 class=\"pxl-item--title el-empty\">\r\n                        Adresse m\u00e9dicale                        <\/h5>\r\n            <div class=\"pxl-item--description el-empty\"><a href=\"https:\/\/maps.app.goo.gl\/MBTZ6MGWsWHzvNqM8\">\n70, route d'Esch, L-1470 Luxembourg\n<\/a><\/div>\r\n        <\/div>\r\n    <\/div>\r\n<\/div>\r\n\t\t\t\t<\/div>\n\t\t\t\t<\/div>\n\t\t\t\t<div class=\"elementor-element elementor-element-822b1db elementor-widget elementor-widget-pxl_icon_box\" data-id=\"822b1db\" data-element_type=\"widget\" data-e-type=\"widget\" data-widget_type=\"pxl_icon_box.default\">\n\t\t\t\t<div class=\"elementor-widget-container\">\n\t\t\t\t\t<div class=\"pxl-icon-box pxl-icon-box1 style-2 ani1\" >\r\n    <div class=\"pxl-item--inner\">\r\n        \r\n                            <div class=\"pxl-item--icon pxl-flex-center\">\r\n                                    <svg xmlns=\"http:\/\/www.w3.org\/2000\/svg\" width=\"19\" height=\"19\" viewbox=\"0 0 19 19\" fill=\"none\"><g clip-path=\"url(#clip0_1_38237)\"><path d=\"M12.7696 11.1206L10.2107 9.20145V5.29206C10.2107 4.89897 9.89296 4.58124 9.49988 4.58124C9.1068 4.58124 8.78906 4.89897 8.78906 5.29206V9.55689C8.78906 9.78079 8.89427 9.99191 9.07339 10.1255L11.9166 12.258C12.0445 12.3539 12.1938 12.4001 12.3424 12.4001C12.5592 12.4001 12.7724 12.3027 12.9117 12.1151C13.1478 11.8016 13.0838 11.3559 12.7696 11.1206Z\" fill=\"white\"><\/path><path d=\"M9.49678 0.323532C4.43657 0.323532 0.320312 4.43979 0.320312 9.5C0.320312 14.5602 4.43657 18.6765 9.49678 18.6765C14.557 18.6765 18.6733 14.5602 18.6733 9.5C18.6733 4.43979 14.557 0.323532 9.49678 0.323532ZM9.49678 17.2549C5.2213 17.2549 1.74191 13.7755 1.74191 9.5C1.74191 5.22452 5.2213 1.74513 9.49678 1.74513C13.773 1.74513 17.2517 5.22452 17.2517 9.5C17.2517 13.7755 13.7723 17.2549 9.49678 17.2549Z\" fill=\"white\"><\/path><\/g><defs><clippath id=\"clip0_1_38237\"><rect width=\"18.3529\" height=\"18.3529\" fill=\"white\" transform=\"translate(0.320312 0.323532)\"><\/rect><\/clippath><\/defs><\/svg>                                <\/div>\r\n                                <div class=\"pxl-item--meta\">\r\n            <h5 class=\"pxl-item--title el-empty\">\r\n                        Nous sommes ouverts                        <\/h5>\r\n            <div class=\"pxl-item--description el-empty\">Monday - Friday: 00:00 - 23:59<\/div>\r\n        <\/div>\r\n    <\/div>\r\n<\/div>\r\n\t\t\t\t<\/div>\n\t\t\t\t<\/div>\n\t\t\t\t<div class=\"elementor-element elementor-element-4f74289 elementor-widget elementor-widget-pxl_button\" data-id=\"4f74289\" data-element_type=\"widget\" data-e-type=\"widget\" data-widget_type=\"pxl_button.default\">\n\t\t\t\t<div class=\"elementor-widget-container\">\n\t\t\t\t\t<div id=\"pxl-pxl_button-4f74289-3125\" class=\"pxl-button pxl-atc-link\" data-wow-delay=\"ms\">\r\n    <a href=\"https:\/\/www.doctena.lu\/fr\/cabinet\/luxembourg\/hollerich-healthcare-center-406578\" class=\"btn  btn-text-applied btn-default  full pxl-icon--left\" data-wow-delay=\"ms\" data-target=\".pxl-page-popup-template-0\">\r\n                                    <span class=\"btn-icon-left\">\r\n                <svg xmlns=\"http:\/\/www.w3.org\/2000\/svg\" width=\"24\" height=\"12\" viewbox=\"0 0 24 12\" fill=\"none\"><path d=\"M23.5303 6.53033C23.8232 6.23743 23.8232 5.76256 23.5303 5.46967L18.7574 0.696698C18.4645 0.403804 17.9896 0.403804 17.6967 0.696698C17.4038 0.989591 17.4038 1.46446 17.6967 1.75736L21.9393 6L17.6967 10.2426C17.4038 10.5355 17.4038 11.0104 17.6967 11.3033C17.9896 11.5962 18.4645 11.5962 18.7574 11.3033L23.5303 6.53033ZM0 6L6.55671e-08 6.75L23 6.75L23 6L23 5.25L-6.55671e-08 5.25L0 6Z\" fill=\"white\"><\/path><\/svg>            <\/span>\r\n                <span class=\"pxl--btn-text\" data-text=\"Rendez-vous\">\r\n            <span class=\"chars\"><span class=\"\" style=\"--chars-index: 0; --chars-last-index: 10;\">R<\/span><span class=\"\" style=\"--chars-index: 1; --chars-last-index: 9;\">e<\/span><span class=\"\" style=\"--chars-index: 2; --chars-last-index: 8;\">n<\/span><span class=\"\" style=\"--chars-index: 3; --chars-last-index: 7;\">d<\/span><span class=\"\" style=\"--chars-index: 4; --chars-last-index: 6;\">e<\/span><span class=\"\" style=\"--chars-index: 5; --chars-last-index: 5;\">z<\/span><span class=\"\" style=\"--chars-index: 6; --chars-last-index: 4;\">-<\/span><span class=\"\" style=\"--chars-index: 7; --chars-last-index: 3;\">v<\/span><span class=\"\" style=\"--chars-index: 8; --chars-last-index: 2;\">o<\/span><span class=\"\" style=\"--chars-index: 9; --chars-last-index: 1;\">u<\/span><span class=\"\" style=\"--chars-index: 10; --chars-last-index: 0;\">s<\/span><\/span>        <\/span>\r\n                    <span class=\"btn-icon-right\">\r\n                <svg xmlns=\"http:\/\/www.w3.org\/2000\/svg\" width=\"24\" height=\"12\" viewbox=\"0 0 24 12\" fill=\"none\"><path d=\"M23.5303 6.53033C23.8232 6.23743 23.8232 5.76256 23.5303 5.46967L18.7574 0.696698C18.4645 0.403804 17.9896 0.403804 17.6967 0.696698C17.4038 0.989591 17.4038 1.46446 17.6967 1.75736L21.9393 6L17.6967 10.2426C17.4038 10.5355 17.4038 11.0104 17.6967 11.3033C17.9896 11.5962 18.4645 11.5962 18.7574 11.3033L23.5303 6.53033ZM0 6L6.55671e-08 6.75L23 6.75L23 6L23 5.25L-6.55671e-08 5.25L0 6Z\" fill=\"white\"><\/path><\/svg>            <\/span>\r\n            <\/a>\r\n<\/div>\t\t\t\t<\/div>\n\t\t\t\t<\/div>\n\t\t\t\t<\/div>\r\n\t\t<div class=\"elementor-element elementor-element-1a6dcb9 e-con-full e-flex pxl-row-scroll-none pxl-column-none pxl-full-content-with-space-none e-con e-child\" data-id=\"1a6dcb9\" data-element_type=\"container\" data-e-type=\"container\">\t\t<div class=\"elementor-element elementor-element-9b4bb9f elementor-widget elementor-widget-pxl_heading\" data-id=\"9b4bb9f\" data-element_type=\"widget\" data-e-type=\"widget\" data-widget_type=\"pxl_heading.default\">\n\t\t\t\t<div class=\"elementor-widget-container\">\n\t\t\t\t\t\n<div id=\"pxl-pxl_heading-9b4bb9f-6170\" class=\"pxl-heading px-sub-title-default-style\">\n\t<div class=\"pxl-heading--inner\">\n\t\t\t\t\t<div class=\"pxl-item--subtitle px-sub-title-default\" data-wow-delay=\"ms\">\n\t\t\t\t<span class=\"pxl-item--subtext\">\n\t\t\t\t\t\t\t\t\t\tBESOIN D&#039;AIDE POUR TROUVER DES R\u00c9PONSES ?\t\t\t\t<\/span>\n\t\t\t<\/div>\n\t\t\n\t\t<h2 class=\"pxl-item--title style-default  highlight-default\" data-wow-delay=\"ms\">\n\t\t\t\t\tFAQ \u2013 Urgences Dentaires \u00e0 Hollerich\n\t\n\t\t\t\n\t\t<\/h2>\n\t\t\n\t<\/div>\n<\/div>\t\t\t\t<\/div>\n\t\t\t\t<\/div>\n\t\t\t\t<div class=\"elementor-element elementor-element-b7f3218 elementor-widget elementor-widget-pxl_accordion\" data-id=\"b7f3218\" data-element_type=\"widget\" data-e-type=\"widget\" data-widget_type=\"pxl_accordion.default\">\n\t\t\t\t<div class=\"elementor-widget-container\">\n\t\t\t\t\t    <div class=\"pxl-accordion pxl-accordion1 style3\" data-wow-delay=\"ms\">\r\n                    <div class=\"pxl--item   active\">\r\n                \r\n                <h5 class=\"pxl-accordion--title\" data-target=\"#pxl_accordion-b7f3218-5837-9835e2e\">\r\n                                                <span class=\"pxl-title--text\">1. Quels sont les signes d\u2019une urgence dentaire ?<\/span>\r\n\r\n              <i class=\"pxl-icon--plus pxl-r-9\"><\/i>\r\n                \r\n              <\/h5>\r\n                                                              <div class=\"wrap-image\">\r\n                      <div id=\"pxl_accordion-b7f3218-5837-9835e2e\" class=\"pxl-accordion--content\" style=\"display: block;\">\r\n                        Une urgence dentaire peut se manifester par une douleur intense, une dent cass\u00e9e, un abc\u00e8s, un saignement persistant ou une dent expuls\u00e9e. Si vous ressentez un de ces sympt\u00f4mes, contactez-nous imm\u00e9diatement.                    <\/div>                    \r\n                <\/div>\r\n                    <\/div>\r\n                <div class=\"pxl--item\">\r\n                \r\n                <h5 class=\"pxl-accordion--title\" data-target=\"#pxl_accordion-b7f3218-5837-8f7699a\">\r\n                                                <span class=\"pxl-title--text\">2. Que faire en cas de dent cass\u00e9e ou expuls\u00e9e ?<\/span>\r\n\r\n              <i class=\"pxl-icon--plus pxl-r-9\"><\/i>\r\n                \r\n              <\/h5>\r\n                                                              <div class=\"wrap-image\">\r\n                      <div id=\"pxl_accordion-b7f3218-5837-8f7699a\" class=\"pxl-accordion--content\" >\r\n                        Conservez la dent ou le fragment dans du s\u00e9rum physiologique ou du lait, sans la nettoyer. Contactez notre centre dentaire au plus vite : le temps est crucial pour sauver la dent.                    <\/div>                    \r\n                <\/div>\r\n                    <\/div>\r\n                <div class=\"pxl--item\">\r\n                \r\n                <h5 class=\"pxl-accordion--title\" data-target=\"#pxl_accordion-b7f3218-5837-a7971b8\">\r\n                                                <span class=\"pxl-title--text\">3. Puis-je venir sans rendez-vous en cas d\u2019urgence ?<\/span>\r\n\r\n              <i class=\"pxl-icon--plus pxl-r-9\"><\/i>\r\n                \r\n              <\/h5>\r\n                                                              <div class=\"wrap-image\">\r\n                      <div id=\"pxl_accordion-b7f3218-5837-a7971b8\" class=\"pxl-accordion--content\" >\r\n                        Oui, notre centre accueille les urgences dentaires sans rendez-vous 24\/24 et 7\/7.<br \/>\nPour un traitement plus rapide, nous vous conseillons d\u2019appeler avant votre venue.                    <\/div>                    \r\n                <\/div>\r\n                    <\/div>\r\n                <div class=\"pxl--item\">\r\n                \r\n                <h5 class=\"pxl-accordion--title\" data-target=\"#pxl_accordion-b7f3218-5837-ffb2d5a\">\r\n                                                <span class=\"pxl-title--text\">4. Traitez-vous les urgences dentaires le week-end ?<\/span>\r\n\r\n              <i class=\"pxl-icon--plus pxl-r-9\"><\/i>\r\n                \r\n              <\/h5>\r\n                                                              <div class=\"wrap-image\">\r\n                      <div id=\"pxl_accordion-b7f3218-5837-ffb2d5a\" class=\"pxl-accordion--content\" >\r\n                        Yes, our team is available day and night.                    <\/div>                    \r\n                <\/div>\r\n                    <\/div>\r\n                <div class=\"pxl--item\">\r\n                \r\n                <h5 class=\"pxl-accordion--title\" data-target=\"#pxl_accordion-b7f3218-5837-040bdc2\">\r\n                                                <span class=\"pxl-title--text\">5. Quels types de soins d'urgence proposez-vous ?<\/span>\r\n\r\n              <i class=\"pxl-icon--plus pxl-r-9\"><\/i>\r\n                \r\n              <\/h5>\r\n                                                              <div class=\"wrap-image\">\r\n                      <div id=\"pxl_accordion-b7f3218-5837-040bdc2\" class=\"pxl-accordion--content\" >\r\n                        We treat toothaches, infections, abscesses, broken or knocked-out teeth, damaged dentures, and all oral trauma.                    <\/div>                    \r\n                <\/div>\r\n                    <\/div>\r\n                <div class=\"pxl--item\">\r\n                \r\n                <h5 class=\"pxl-accordion--title\" data-target=\"#pxl_accordion-b7f3218-5837-93a532b\">\r\n                                                <span class=\"pxl-title--text\">6. Les soins dentaires d\u2019urgence sont-ils rembours\u00e9s ?<\/span>\r\n\r\n              <i class=\"pxl-icon--plus pxl-r-9\"><\/i>\r\n                \r\n              <\/h5>\r\n                                                              <div class=\"wrap-image\">\r\n                      <div id=\"pxl_accordion-b7f3218-5837-93a532b\" class=\"pxl-accordion--content\" >\r\n                        Oui, dans la plupart des cas, les soins d\u2019urgence sont partiellement ou totalement rembours\u00e9s par la CNS et\/ou votre compl\u00e9mentaire sant\u00e9. Nous vous remettrons une facture \u00e0 cet effet.                    <\/div>                    \r\n                <\/div>\r\n                    <\/div>\r\n                <div class=\"pxl--item\">\r\n                \r\n                <h5 class=\"pxl-accordion--title\" data-target=\"#pxl_accordion-b7f3218-5837-5675827\">\r\n                                                <span class=\"pxl-title--text\">7. Que faire si mon appareil dentaire me blesse ou se casse ?<\/span>\r\n\r\n              <i class=\"pxl-icon--plus pxl-r-9\"><\/i>\r\n                \r\n              <\/h5>\r\n                                                              <div class=\"wrap-image\">\r\n                      <div id=\"pxl_accordion-b7f3218-5837-5675827\" class=\"pxl-accordion--content\" >\r\n                        Appelez notre cabinet rapidement. En attendant, \u00e9vitez de porter l\u2019appareil s\u2019il provoque une g\u00eane importante, et conservez toutes les pi\u00e8ces.                    <\/div>                    \r\n                <\/div>\r\n                    <\/div>\r\n    <\/div>\r\n\t\t\t\t<\/div>\n\t\t\t\t<\/div>\n\t\t\t\t<\/div>\r\n\t\t\t\t\t<\/div>\r\n\t\t\t\t<\/div>\r\n\t\t\t\t<\/div>","protected":false},"excerpt":{"rendered":"<p>Vous avez une urgence dentaire ? Contactez-nous d\u00e8s aujourd&#8217;hui ! Contactez-nous contact@urgencehollerich.com Adresse m\u00e9dicale 70, route d&#8217;Esch, L-1470 Luxembourg Nous sommes ouverts Lundi &#8211; Vendredi: 00h00 &#8211; 23h59 Rendez-vous BESOIN D&#039;AIDE POUR TROUVER DES R\u00c9PONSES ? FAQ \u2013 Urgences Dentaires \u00e0 Hollerich 1. Quels sont les signes d\u2019une urgence dentaire ? Une urgence dentaire peut [&hellip;]<\/p>\n","protected":false},"author":1,"featured_media":0,"parent":0,"menu_order":0,"comment_status":"closed","ping_status":"closed","template":"","meta":{"slim_seo":{"title":"Faq - Urgence Dentaire Hollerich","description":"Vous avez une urgence dentaire ? Contactez-nous d\u00e8s aujourd&#8217;hui ! Contactez-nous contact@urgencehollerich.com Adresse m\u00e9dicale 70, route d'Esch, L-1470 Lu"},"footnotes":""},"class_list":["post-1432","page","type-page","status-publish","hentry"],"_links":{"self":[{"href":"https:\/\/urgencehollerich.com\/en\/wp-json\/wp\/v2\/pages\/1432","targetHints":{"allow":["GET"]}}],"collection":[{"href":"https:\/\/urgencehollerich.com\/en\/wp-json\/wp\/v2\/pages"}],"about":[{"href":"https:\/\/urgencehollerich.com\/en\/wp-json\/wp\/v2\/types\/page"}],"author":[{"embeddable":true,"href":"https:\/\/urgencehollerich.com\/en\/wp-json\/wp\/v2\/users\/1"}],"replies":[{"embeddable":true,"href":"https:\/\/urgencehollerich.com\/en\/wp-json\/wp\/v2\/comments?post=1432"}],"version-history":[{"count":41,"href":"https:\/\/urgencehollerich.com\/en\/wp-json\/wp\/v2\/pages\/1432\/revisions"}],"predecessor-version":[{"id":7541,"href":"https:\/\/urgencehollerich.com\/en\/wp-json\/wp\/v2\/pages\/1432\/revisions\/7541"}],"wp:attachment":[{"href":"https:\/\/urgencehollerich.com\/en\/wp-json\/wp\/v2\/media?parent=1432"}],"curies":[{"name":"wp","href":"https:\/\/api.w.org\/{rel}","templated":true}]}}